{"id":8330,"date":"2023-01-24T20:38:13","date_gmt":"2023-01-24T18:38:13","guid":{"rendered":"https:\/\/islandercompany.com\/?post_type=product&#038;p=8330"},"modified":"2025-06-27T12:23:09","modified_gmt":"2025-06-27T09:23:09","slug":"skargardstval-bjork-liquid-soap-archipelago-soap-birch","status":"publish","type":"product","link":"https:\/\/islandercompany.com\/?product=skargardstval-bjork-liquid-soap-archipelago-soap-birch","title":{"rendered":"Sk\u00e4rg\u00e5rdstv\u00e5l Bj\u00f6rk liquid soap (Archipelago soap Birch)"},"content":{"rendered":"","protected":false},"excerpt":{"rendered":"<p>Liquid archipelago soap with a fresh scent of birch. Lathers well in both salt and fresh water.<br \/>\nPerfect for the boat, the beach or in the bathroom or kitchen. <\/p>\n<p>Made in Sweden<br \/>\n300mls<\/p>\n","protected":false},"featured_media":8325,"template":"","meta":[],"product_brand":[],"product_cat":[77],"product_tag":[],"class_list":{"0":"post-8330","1":"product","2":"type-product","3":"status-publish","4":"has-post-thumbnail","6":"product_cat-soap-lotions","8":"first","9":"onbackorder","10":"shipping-taxable","11":"purchasable","12":"product-type-simple"},"_links":{"self":[{"href":"https:\/\/islandercompany.com\/index.php?rest_route=\/wp\/v2\/product\/8330","targetHints":{"allow":["GET"]}}],"collection":[{"href":"https:\/\/islandercompany.com\/index.php?rest_route=\/wp\/v2\/product"}],"about":[{"href":"https:\/\/islandercompany.com\/index.php?rest_route=\/wp\/v2\/types\/product"}],"version-history":[{"count":1,"href":"https:\/\/islandercompany.com\/index.php?rest_route=\/wp\/v2\/product\/8330\/revisions"}],"predecessor-version":[{"id":8331,"href":"https:\/\/islandercompany.com\/index.php?rest_route=\/wp\/v2\/product\/8330\/revisions\/8331"}],"wp:featuredmedia":[{"embeddable":true,"href":"https:\/\/islandercompany.com\/index.php?rest_route=\/wp\/v2\/media\/8325"}],"wp:attachment":[{"href":"https:\/\/islandercompany.com\/index.php?rest_route=%2Fwp%2Fv2%2Fmedia&parent=8330"}],"wp:term":[{"taxonomy":"product_brand","embeddable":true,"href":"https:\/\/islandercompany.com\/index.php?rest_route=%2Fwp%2Fv2%2Fproduct_brand&post=8330"},{"taxonomy":"product_cat","embeddable":true,"href":"https:\/\/islandercompany.com\/index.php?rest_route=%2Fwp%2Fv2%2Fproduct_cat&post=8330"},{"taxonomy":"product_tag","embeddable":true,"href":"https:\/\/islandercompany.com\/index.php?rest_route=%2Fwp%2Fv2%2Fproduct_tag&post=8330"}],"curies":[{"name":"wp","href":"https:\/\/api.w.org\/{rel}","templated":true}]}}