{"id":8319,"date":"2023-01-24T20:24:57","date_gmt":"2023-01-24T18:24:57","guid":{"rendered":"https:\/\/islandercompany.com\/?post_type=product&#038;p=8319"},"modified":"2025-06-27T12:23:10","modified_gmt":"2025-06-27T09:23:10","slug":"skargardstval-havtorn-liquid-soap-sea-buckthorn","status":"publish","type":"product","link":"https:\/\/islandercompany.com\/?product=skargardstval-havtorn-liquid-soap-sea-buckthorn","title":{"rendered":"Sk\u00e4rg\u00e5rdstv\u00e5l Havtorn liquid soap (Sea Buckthorn)"},"content":{"rendered":"","protected":false},"excerpt":{"rendered":"<p>Liquid archipelago soap with a lovely fresh scent of sea buckthorn. Lathers well in both salt and fresh water.<br \/>\nPerfect for the boat, the beach or in the bathroom or kitchen.<\/p>\n<p>Made in Sweden<br \/>\n300mls<\/p>\n","protected":false},"featured_media":8324,"template":"","meta":[],"product_brand":[],"product_cat":[77],"product_tag":[],"class_list":{"0":"post-8319","1":"product","2":"type-product","3":"status-publish","4":"has-post-thumbnail","6":"product_cat-soap-lotions","8":"first","9":"onbackorder","10":"shipping-taxable","11":"purchasable","12":"product-type-simple"},"_links":{"self":[{"href":"https:\/\/islandercompany.com\/index.php?rest_route=\/wp\/v2\/product\/8319","targetHints":{"allow":["GET"]}}],"collection":[{"href":"https:\/\/islandercompany.com\/index.php?rest_route=\/wp\/v2\/product"}],"about":[{"href":"https:\/\/islandercompany.com\/index.php?rest_route=\/wp\/v2\/types\/product"}],"version-history":[{"count":2,"href":"https:\/\/islandercompany.com\/index.php?rest_route=\/wp\/v2\/product\/8319\/revisions"}],"predecessor-version":[{"id":10883,"href":"https:\/\/islandercompany.com\/index.php?rest_route=\/wp\/v2\/product\/8319\/revisions\/10883"}],"wp:featuredmedia":[{"embeddable":true,"href":"https:\/\/islandercompany.com\/index.php?rest_route=\/wp\/v2\/media\/8324"}],"wp:attachment":[{"href":"https:\/\/islandercompany.com\/index.php?rest_route=%2Fwp%2Fv2%2Fmedia&parent=8319"}],"wp:term":[{"taxonomy":"product_brand","embeddable":true,"href":"https:\/\/islandercompany.com\/index.php?rest_route=%2Fwp%2Fv2%2Fproduct_brand&post=8319"},{"taxonomy":"product_cat","embeddable":true,"href":"https:\/\/islandercompany.com\/index.php?rest_route=%2Fwp%2Fv2%2Fproduct_cat&post=8319"},{"taxonomy":"product_tag","embeddable":true,"href":"https:\/\/islandercompany.com\/index.php?rest_route=%2Fwp%2Fv2%2Fproduct_tag&post=8319"}],"curies":[{"name":"wp","href":"https:\/\/api.w.org\/{rel}","templated":true}]}}