{"id":13500,"date":"2025-10-04T13:18:18","date_gmt":"2025-10-04T10:18:18","guid":{"rendered":"https:\/\/islandercompany.com\/?post_type=product&#038;p=13500"},"modified":"2026-04-10T13:27:15","modified_gmt":"2026-04-10T10:27:15","slug":"saarten-syleilemat","status":"publish","type":"product","link":"https:\/\/islandercompany.com\/?product=saarten-syleilemat","title":{"rendered":"Saarten Syleilem\u00e4t"},"content":{"rendered":"","protected":false},"excerpt":{"rendered":"<div class=\"f_flex_base f_flex_single_value_direction\">\n<div class=\"sc-ceccfca5-0 hWKiKJ\" data-test-id=\"accordion-text\">\n<div class=\"f_flex_base f_flex_single_value_direction\">\n<div class=\"nm-product-summary-inner-col nm-product-summary-inner-col-1\">\n<p class=\"price\">\n<\/div>\n<div class=\"nm-product-summary-inner-col nm-product-summary-inner-col-2\">\n<div class=\"woocommerce-product-details__short-description entry-content\">\n<p><strong>Saarten Syleilem\u00e4t, Uniikit Saarim\u00f6kit \u2013 Henna Ojala-Merikoski, Frida Steiner<\/strong><\/p>\n<p><b><i>Tekstit:\u00a0<\/i><\/b>Henna Ojala-Merikoski<br \/>\n<b><i>Kuvat:\u00a0<\/i><\/b>Frida Steiner<br \/>\n<b><i>Editointi:\u00a0<\/i><\/b>Elina L\u00e4hteenm\u00e4ki<br \/>\n<b><i>Layout design:\u00a0<\/i><\/b>Viola Minerva Virtamo<\/p>\n<p><em>Kieli: Suomi<\/em><\/p>\n<p>Jatkuvasti hereill\u00e4 oleva maailma ja arki kaupungissa tarjoaa jatkuvasti oikoteit\u00e4 ja helppoja valintoja. Ehk\u00e4 juuri siksi houkuttelevinta on rakentaa kakkoskoti paikkaan, johon yksik\u00e4\u00e4n m\u00f6kkitie ei johda ja jonne p\u00e4\u00e4st\u00e4kseen on j\u00e4tett\u00e4v\u00e4 kiire taakseen.<span class=\"Apple-converted-space\">\u00a0<\/span><\/p>\n<p><i>Saarten syleilem\u00e4t\u00a0<\/i>p\u00e4\u00e4st\u00e4\u00e4 sinut paikkoihin, joihin harva p\u00e4\u00e4see \u2013 aistimaan 11 ainutlaatuisen saarim\u00f6kin tunnelmaa.<\/p>\n<p>Saarten syleilem\u00e4t ei ole perinteinen sisustuskirja. Se on kirja hetkist\u00e4, joita ei voi kiirehti\u00e4. Paikoista, jotka pys\u00e4ytt\u00e4v\u00e4t. Ajatuksista, jotka j\u00e4\u00e4v\u00e4t el\u00e4m\u00e4\u00e4n.<\/p>\n<p>M\u00f6kkien design, arkkitehtuuri ja ajatukset saarten muovaamasta el\u00e4m\u00e4st\u00e4 kietoutuvat yhteen \u2014 kirja yht\u00e4 aikaa matka uuden sukupolvien m\u00f6kkeilij\u00f6iden kakkoskoteihin ja pohdinta hyv\u00e4n el\u00e4m\u00e4n ytimest\u00e4.<\/p>\n<p>Kirjoittaja Henna Ojala-Merikoski ja valokuvaaja Frida Steiner kutsuvat sinut matkalle saarille \u2014 sinne, miss\u00e4 el\u00e4m\u00e4 l\u00f6yt\u00e4\u00e4 oman rytmins\u00e4.<\/p>\n<p>L\u00e4hde saareen. Kun kerran saavut perille, et halua en\u00e4\u00e4 l\u00e4hte\u00e4.<\/p>\n<\/div>\n<\/div>\n<\/div>\n<div class=\"sc-c4cd3f28-1 cYCBoc f_flex_base f_flex_single_value_align f_flex_single_value_direction\">\n<div class=\"sc-c4cd3f28-0 decVfi\"><\/div>\n<\/div>\n<\/div>\n<\/div>\n<div class=\"f_spacer_base f_spacer_single_value_fb f_spacer_single_value_min_width\"><\/div>\n<div class=\"sc-c4cd3f28-1 cYCBoc f_flex_base f_flex_single_value_align f_flex_single_value_direction\">\n<div class=\"sc-c4cd3f28-0 decVfi\"><\/div>\n<\/div>\n","protected":false},"featured_media":13528,"template":"","meta":[],"product_brand":[],"product_cat":[108],"product_tag":[],"class_list":{"0":"post-13500","1":"product","2":"type-product","3":"status-publish","4":"has-post-thumbnail","6":"product_cat-books","8":"first","9":"instock","10":"shipping-taxable","11":"purchasable","12":"product-type-simple"},"_links":{"self":[{"href":"https:\/\/islandercompany.com\/index.php?rest_route=\/wp\/v2\/product\/13500","targetHints":{"allow":["GET"]}}],"collection":[{"href":"https:\/\/islandercompany.com\/index.php?rest_route=\/wp\/v2\/product"}],"about":[{"href":"https:\/\/islandercompany.com\/index.php?rest_route=\/wp\/v2\/types\/product"}],"version-history":[{"count":1,"href":"https:\/\/islandercompany.com\/index.php?rest_route=\/wp\/v2\/product\/13500\/revisions"}],"predecessor-version":[{"id":13508,"href":"https:\/\/islandercompany.com\/index.php?rest_route=\/wp\/v2\/product\/13500\/revisions\/13508"}],"wp:featuredmedia":[{"embeddable":true,"href":"https:\/\/islandercompany.com\/index.php?rest_route=\/wp\/v2\/media\/13528"}],"wp:attachment":[{"href":"https:\/\/islandercompany.com\/index.php?rest_route=%2Fwp%2Fv2%2Fmedia&parent=13500"}],"wp:term":[{"taxonomy":"product_brand","embeddable":true,"href":"https:\/\/islandercompany.com\/index.php?rest_route=%2Fwp%2Fv2%2Fproduct_brand&post=13500"},{"taxonomy":"product_cat","embeddable":true,"href":"https:\/\/islandercompany.com\/index.php?rest_route=%2Fwp%2Fv2%2Fproduct_cat&post=13500"},{"taxonomy":"product_tag","embeddable":true,"href":"https:\/\/islandercompany.com\/index.php?rest_route=%2Fwp%2Fv2%2Fproduct_tag&post=13500"}],"curies":[{"name":"wp","href":"https:\/\/api.w.org\/{rel}","templated":true}]}}